{"id":13116,"date":"2026-03-03T20:58:57","date_gmt":"2026-03-03T20:58:57","guid":{"rendered":"https:\/\/tagotulum.com\/?page_id=13116"},"modified":"2026-03-03T21:30:12","modified_gmt":"2026-03-03T21:30:12","slug":"billing","status":"publish","type":"page","link":"https:\/\/tagotulum.com\/es\/billing\/","title":{"rendered":"Facturaci\u00f3n"},"content":{"rendered":"<div data-elementor-type=\"wp-page\" data-elementor-id=\"13116\" class=\"elementor elementor-13116\" data-elementor-post-type=\"page\">\n\t\t\t\t<div class=\"elementor-element elementor-element-49a785f2 e-flex e-con-boxed qodef-elementor-content-no e-con e-parent\" data-id=\"49a785f2\" data-element_type=\"container\" data-e-type=\"container\">\n\t\t\t\t\t<div class=\"e-con-inner\">\n\t\t<div class=\"elementor-element elementor-element-6065c788 e-con-full e-flex qodef-elementor-content-no e-con e-child\" data-id=\"6065c788\" data-element_type=\"container\" data-e-type=\"container\">\n\t\t\t\t<div class=\"elementor-element elementor-element-7c5101d7 animated-slow elementor-invisible elementor-widget elementor-widget-image\" data-id=\"7c5101d7\" data-element_type=\"widget\" data-e-type=\"widget\" data-settings=\"{&quot;_animation&quot;:&quot;fadeInLeft&quot;}\" data-widget_type=\"image.default\">\n\t\t\t\t\t\t\t\t\t\t\t\t\t\t\t<img fetchpriority=\"high\" decoding=\"async\" width=\"1024\" height=\"1024\" src=\"https:\/\/tagotulum.com\/wp-content\/uploads\/2026\/03\/qr-code-1-1024x1024.png\" class=\"attachment-large size-large wp-image-13149\" alt=\"\" srcset=\"https:\/\/tagotulum.com\/wp-content\/uploads\/2026\/03\/qr-code-1-1024x1024.png 1024w, https:\/\/tagotulum.com\/wp-content\/uploads\/2026\/03\/qr-code-1-300x300.png 300w, https:\/\/tagotulum.com\/wp-content\/uploads\/2026\/03\/qr-code-1-150x150.png 150w, https:\/\/tagotulum.com\/wp-content\/uploads\/2026\/03\/qr-code-1-768x768.png 768w, https:\/\/tagotulum.com\/wp-content\/uploads\/2026\/03\/qr-code-1-12x12.png 12w, https:\/\/tagotulum.com\/wp-content\/uploads\/2026\/03\/qr-code-1-650x650.png 650w, https:\/\/tagotulum.com\/wp-content\/uploads\/2026\/03\/qr-code-1.png 1147w\" sizes=\"(max-width: 1024px) 100vw, 1024px\" \/>\t\t\t\t\t\t\t\t\t\t\t\t\t\t\t<\/div>\n\t\t\t\t<\/div>\n\t\t<div class=\"elementor-element elementor-element-641edb25 e-con-full animated-slow e-flex qodef-elementor-content-no elementor-invisible e-con e-child\" data-id=\"641edb25\" data-element_type=\"container\" data-e-type=\"container\" data-settings=\"{&quot;animation&quot;:&quot;fadeInRight&quot;}\">\n\t\t\t\t<div class=\"elementor-element elementor-element-3da7d838 elementor-widget elementor-widget-image\" data-id=\"3da7d838\" data-element_type=\"widget\" data-e-type=\"widget\" data-widget_type=\"image.default\">\n\t\t\t\t\t\t\t\t\t\t\t\t\t\t\t<img decoding=\"async\" width=\"150\" height=\"150\" src=\"https:\/\/tagotulum.com\/wp-content\/uploads\/2026\/03\/G-hotels-logo-300x300-1-150x150.png\" class=\"attachment-thumbnail size-thumbnail wp-image-13121\" alt=\"\" srcset=\"https:\/\/tagotulum.com\/wp-content\/uploads\/2026\/03\/G-hotels-logo-300x300-1-150x150.png 150w, https:\/\/tagotulum.com\/wp-content\/uploads\/2026\/03\/G-hotels-logo-300x300-1-300x300.png 300w, https:\/\/tagotulum.com\/wp-content\/uploads\/2026\/03\/G-hotels-logo-300x300-1-1024x1024.png 1024w, https:\/\/tagotulum.com\/wp-content\/uploads\/2026\/03\/G-hotels-logo-300x300-1-768x768.png 768w, https:\/\/tagotulum.com\/wp-content\/uploads\/2026\/03\/G-hotels-logo-300x300-1-12x12.png 12w, https:\/\/tagotulum.com\/wp-content\/uploads\/2026\/03\/G-hotels-logo-300x300-1-650x650.png 650w, https:\/\/tagotulum.com\/wp-content\/uploads\/2026\/03\/G-hotels-logo-300x300-1.png 1200w\" sizes=\"(max-width: 150px) 100vw, 150px\" \/>\t\t\t\t\t\t\t\t\t\t\t\t\t\t\t<\/div>\n\t\t\t\t<div class=\"elementor-element elementor-element-6da31971 elementor-widget elementor-widget-text-editor\" data-id=\"6da31971\" data-element_type=\"widget\" data-e-type=\"widget\" data-widget_type=\"text-editor.default\">\n\t\t\t\t\t\t\t\t\t<p data-start=\"0\" data-end=\"74\"><span style=\"color: #000000;\">Procesa tu factura a trav\u00e9s de <b>nuestro portal de autofacturaci\u00f3n:<\/b> es r\u00e1pido y f\u00e1cil.<\/span><\/p><p data-start=\"79\" data-end=\"117\"><span style=\"color: #000000;\">1: Introduce el n\u00famero de folio de tu reserva.<\/span><\/p><p data-start=\"121\" data-end=\"166\"><span style=\"color: #000000;\">2: A\u00f1ade la direcci\u00f3n de correo electr\u00f3nico que utilizaste para registrarte.<\/span><\/p><p data-start=\"170\" data-end=\"271\"><span style=\"color: #000000;\">3: A continuaci\u00f3n, completa tu informaci\u00f3n fiscal, asegur\u00e1ndote de que todo est\u00e9 escrito correctamente y sin errores.<\/span><\/p>\t\t\t\t\t\t\t\t<\/div>\n\t\t\t\t<div class=\"elementor-element elementor-element-50e1ba66 elementor-align-center animated-slow elementor-invisible elementor-widget elementor-widget-button\" data-id=\"50e1ba66\" data-element_type=\"widget\" data-e-type=\"widget\" data-settings=\"{&quot;_animation&quot;:&quot;fadeInUp&quot;}\" data-widget_type=\"button.default\">\n\t\t\t\t\t\t\t\t\t\t<a class=\"elementor-button elementor-button-link elementor-size-sm elementor-animation-pulse\" href=\"https:\/\/hotel-req14.arpon.com\/Billing\/Billing?HotelId=87d8e0a258204e5788cc68425d9e82b4\">\n\t\t\t\t\t\t<span class=\"elementor-button-content-wrapper\">\n\t\t\t\t\t\t\t\t\t<span class=\"elementor-button-text\">Ir al portal de facturaci\u00f3n <\/span>\n\t\t\t\t\t<\/span>\n\t\t\t\t\t<\/a>\n\t\t\t\t\t\t\t\t<\/div>\n\t\t\t\t<\/div>\n\t\t\t\t\t<\/div>\n\t\t\t\t<\/div>\n\t\t<div class=\"elementor-element elementor-element-41835d9a e-con-full e-transform e-flex qodef-elementor-content-no e-con e-parent\" data-id=\"41835d9a\" data-element_type=\"container\" data-e-type=\"container\" data-settings=\"{&quot;background_background&quot;:&quot;classic&quot;,&quot;_transform_scale_effect_mobile&quot;:{&quot;unit&quot;:&quot;px&quot;,&quot;size&quot;:1.25,&quot;sizes&quot;:[]},&quot;_transform_scale_effect&quot;:{&quot;unit&quot;:&quot;px&quot;,&quot;size&quot;:&quot;&quot;,&quot;sizes&quot;:[]},&quot;_transform_scale_effect_tablet&quot;:{&quot;unit&quot;:&quot;px&quot;,&quot;size&quot;:&quot;&quot;,&quot;sizes&quot;:[]}}\">\n\t\t\t\t<div class=\"elementor-element elementor-element-34bf7d2c elementor-widget elementor-widget-image\" data-id=\"34bf7d2c\" data-element_type=\"widget\" data-e-type=\"widget\" data-widget_type=\"image.default\">\n\t\t\t\t\t\t\t\t\t\t\t\t\t\t\t<img decoding=\"async\" width=\"850\" height=\"100\" src=\"https:\/\/tagotulum.com\/wp-content\/uploads\/2026\/03\/GHotels_Banner_GraciasPorTuReserva.gif\" class=\"attachment-large size-large wp-image-13122\" alt=\"\" \/>\t\t\t\t\t\t\t\t\t\t\t\t\t\t\t<\/div>\n\t\t\t\t<\/div>\n\t\t\t\t<\/div>","protected":false},"excerpt":{"rendered":"<p>Process your invoice through our self-billing portal \u2014 it\u2019s fast and easy. 1: Enter your reservation folio number. 2: Add the email address you used to register. 3: Then complete your tax information, making sure everything is correctly written and free of errors. Go to the billing portal<\/p>","protected":false},"author":3,"featured_media":0,"parent":0,"menu_order":0,"comment_status":"closed","ping_status":"closed","template":"","meta":{"inline_featured_image":false,"footnotes":""},"class_list":["post-13116","page","type-page","status-publish","hentry"],"_links":{"self":[{"href":"https:\/\/tagotulum.com\/es\/wp-json\/wp\/v2\/pages\/13116","targetHints":{"allow":["GET"]}}],"collection":[{"href":"https:\/\/tagotulum.com\/es\/wp-json\/wp\/v2\/pages"}],"about":[{"href":"https:\/\/tagotulum.com\/es\/wp-json\/wp\/v2\/types\/page"}],"author":[{"embeddable":true,"href":"https:\/\/tagotulum.com\/es\/wp-json\/wp\/v2\/users\/3"}],"replies":[{"embeddable":true,"href":"https:\/\/tagotulum.com\/es\/wp-json\/wp\/v2\/comments?post=13116"}],"version-history":[{"count":25,"href":"https:\/\/tagotulum.com\/es\/wp-json\/wp\/v2\/pages\/13116\/revisions"}],"predecessor-version":[{"id":13152,"href":"https:\/\/tagotulum.com\/es\/wp-json\/wp\/v2\/pages\/13116\/revisions\/13152"}],"wp:attachment":[{"href":"https:\/\/tagotulum.com\/es\/wp-json\/wp\/v2\/media?parent=13116"}],"curies":[{"name":"wp","href":"https:\/\/api.w.org\/{rel}","templated":true}]}}